{"id":3,"date":"2026-02-10T14:01:01","date_gmt":"2026-02-10T11:01:01","guid":{"rendered":"https:\/\/starteline.fi\/?page_id=3"},"modified":"2026-02-10T16:46:47","modified_gmt":"2026-02-10T13:46:47","slug":"privacy-policy","status":"publish","type":"page","link":"https:\/\/starteline.fi\/en\/contacts\/privacy-policy\/","title":{"rendered":"Privacy Policy (GDPR)"},"content":{"rendered":"<p><strong>Privacy Policy (GDPR)<\/strong><\/p>\n<ol>\n<li><strong style=\"color: #333333;\">Rekisterinpit\u00e4j\u00e4<\/strong><\/li>\n<\/ol>\n<p><span style=\"color: #333333;\">Starteline Oy<\/span><\/p>\n<ul>\n<li>Y-tunnus: 3111665-5<\/li>\n<li>Osoite: Vakokuja 6 B, Vantaa<\/li>\n<li>S\u00e4hk\u00f6posti: info@starteline.fi<\/li>\n<li>Puhelin: +358 40 732 05 40<\/li>\n<\/ul>\n<ol start=\"2\">\n<li><strong> Rekisterin nimi<\/strong><br \/>\nAsiakas- ja markkinointirekisteri<\/li>\n<li><strong> Henkil\u00f6tietojen k\u00e4sittelyn tarkoitus<\/strong><br \/>\nHenkil\u00f6tietoja k\u00e4sitell\u00e4\u00e4n asiakassuhteen hoitamiseen, palveluiden tarjoamiseen, yhteydenottoihin, markkinointiin sek\u00e4 uutiskirjeiden l\u00e4hett\u00e4miseen.<\/li>\n<li><strong> Rekisterin tietosis\u00e4lt\u00f6<\/strong><br \/>\nRekisteri voi sis\u00e4lt\u00e4\u00e4 seuraavia tietoja:<br \/>\n\u2013 Nimi<br \/>\n\u2013 Yritys<br \/>\n\u2013 S\u00e4hk\u00f6postiosoite<br \/>\n\u2013 Puhelinnumero<br \/>\n\u2013 IP-osoite<br \/>\n\u2013 Ev\u00e4steiden (cookies) kautta ker\u00e4tyt tiedot<\/li>\n<li><strong> S\u00e4\u00e4nn\u00f6nmukaiset tietol\u00e4hteet<\/strong><br \/>\nTiedot saadaan asiakkaalta itselt\u00e4\u00e4n verkkosivujen yhteydenottolomakkeiden, uutiskirjeen tilaamisen, s\u00e4hk\u00f6postin tai puhelimen kautta.<\/li>\n<li><strong> Tietojen luovutus ja siirto<\/strong><br \/>\nTietoja ei luovuteta kolmansille osapuolille ilman rekister\u00f6idyn suostumusta, ellei laki toisin vaadi.<br \/>\nTietoja ei siirret\u00e4 EU:n tai ETA:n ulkopuolelle ilman asianmukaisia suojatoimia.<\/li>\n<li><strong> Rekisterin suojaus<\/strong><br \/>\nRekisterin tiedot s\u00e4ilytet\u00e4\u00e4n suojatuissa j\u00e4rjestelmiss\u00e4. P\u00e4\u00e4sy tietoihin on rajattu vain niille henkil\u00f6ille, joilla on ty\u00f6ns\u00e4 puolesta siihen oikeus.<\/li>\n<li><strong> Rekister\u00f6idyn oikeudet<\/strong><br \/>\nRekister\u00f6idyll\u00e4 on oikeus:<br \/>\n\u2013 tarkastaa itse\u00e4\u00e4n koskevat tiedot<br \/>\n\u2013 pyyt\u00e4\u00e4 tietojen oikaisua tai poistamista<br \/>\n\u2013 vastustaa tietojen k\u00e4sittely\u00e4<br \/>\n\u2013 peruuttaa suostumus markkinointiin<\/li>\n<\/ol>\n<p>Pyynn\u00f6t tulee l\u00e4hett\u00e4\u00e4 s\u00e4hk\u00f6postitse osoitteeseen: info@starteline.fi<\/p>\n<ol start=\"9\">\n<li><strong> Ev\u00e4steet (cookies)<\/strong><br \/>\nVerkkosivusto k\u00e4ytt\u00e4\u00e4 ev\u00e4steit\u00e4 k\u00e4ytt\u00e4j\u00e4kokemuksen parantamiseen ja sivuston toimivuuden varmistamiseen. K\u00e4ytt\u00e4j\u00e4 voi hallita ev\u00e4steasetuksia selaimensa kautta.<\/li>\n<li><strong> Muutokset tietosuojaselosteeseen<\/strong><br \/>\nPid\u00e4t\u00e4mme oikeuden p\u00e4ivitt\u00e4\u00e4 t\u00e4t\u00e4 tietosuojaselostetta tarvittaessa.<\/li>\n<\/ol>\n<div id=\"simple-translate\" class=\"simple-translate-light-theme\">\n<div>\n<div class=\"simple-translate-button isShow\" style=\"background-image: url('chrome-extension:\/\/cllnohpbfenopiakdcjmjcbaeapmkcdl\/icons\/512.png'); height: 22px; width: 22px; top: 46px; left: 224px;\"><\/div>\n<div class=\"simple-translate-panel\" style=\"width: 300px; height: 200px; top: 0px; left: 0px; font-size: 13px;\">\n<div class=\"simple-translate-result-wrapper\" style=\"overflow: hidden;\">\n<div class=\"simple-translate-move\" draggable=\"true\"><\/div>\n<div class=\"simple-translate-result-contents\">\n<p class=\"simple-translate-candidate\" dir=\"auto\">\n<\/div>\n<\/div>\n<\/div>\n<\/div>\n<\/div>","protected":false},"excerpt":{"rendered":"<p>Tietosuojaseloste (GDPR) Rekisterinpit\u00e4j\u00e4 Starteline Oy Y-tunnus: 3111665-5 Osoite: Vakokuja 6 B, Vantaa S\u00e4hk\u00f6posti: info@starteline.fi Puhelin: +358 40 732 05 40 Rekisterin nimi Asiakas- ja markkinointirekisteri Henkil\u00f6tietojen k\u00e4sittelyn tarkoitus Henkil\u00f6tietoja k\u00e4sitell\u00e4\u00e4n asiakassuhteen hoitamiseen, palveluiden tarjoamiseen, yhteydenottoihin, markkinointiin sek\u00e4 uutiskirjeiden l\u00e4hett\u00e4miseen. Rekisterin tietosis\u00e4lt\u00f6 Rekisteri voi sis\u00e4lt\u00e4\u00e4 seuraavia tietoja: \u2013 Nimi \u2013 Yritys \u2013 S\u00e4hk\u00f6postiosoite \u2013 Puhelinnumero \u2013 [&hellip;]<\/p>\n","protected":false},"author":1,"featured_media":0,"parent":15,"menu_order":0,"comment_status":"closed","ping_status":"closed","template":"page-contact.php","meta":{"_acf_changed":false,"footnotes":""},"yst_prominent_words":[],"class_list":["post-3","page","type-page","status-publish","czr-hentry"],"acf":[],"_links":{"self":[{"href":"https:\/\/starteline.fi\/en\/wp-json\/wp\/v2\/pages\/3","targetHints":{"allow":["GET"]}}],"collection":[{"href":"https:\/\/starteline.fi\/en\/wp-json\/wp\/v2\/pages"}],"about":[{"href":"https:\/\/starteline.fi\/en\/wp-json\/wp\/v2\/types\/page"}],"author":[{"embeddable":true,"href":"https:\/\/starteline.fi\/en\/wp-json\/wp\/v2\/users\/1"}],"replies":[{"embeddable":true,"href":"https:\/\/starteline.fi\/en\/wp-json\/wp\/v2\/comments?post=3"}],"version-history":[{"count":3,"href":"https:\/\/starteline.fi\/en\/wp-json\/wp\/v2\/pages\/3\/revisions"}],"predecessor-version":[{"id":623,"href":"https:\/\/starteline.fi\/en\/wp-json\/wp\/v2\/pages\/3\/revisions\/623"}],"up":[{"embeddable":true,"href":"https:\/\/starteline.fi\/en\/wp-json\/wp\/v2\/pages\/15"}],"wp:attachment":[{"href":"https:\/\/starteline.fi\/en\/wp-json\/wp\/v2\/media?parent=3"}],"wp:term":[{"taxonomy":"yst_prominent_words","embeddable":true,"href":"https:\/\/starteline.fi\/en\/wp-json\/wp\/v2\/yst_prominent_words?post=3"}],"curies":[{"name":"wp","href":"https:\/\/api.w.org\/{rel}","templated":true}]}}