{"id":15,"date":"2024-02-29T00:04:51","date_gmt":"2024-02-28T21:04:51","guid":{"rendered":"https:\/\/starteline.fi\/?page_id=15"},"modified":"2024-04-02T19:42:12","modified_gmt":"2024-04-02T16:42:12","slug":"contacts","status":"publish","type":"page","link":"https:\/\/starteline.fi\/en\/contacts\/","title":{"rendered":"Contact Information"},"content":{"rendered":"<p><strong>Our valued partners<\/strong><\/p>\n<p>Starteline Oy only accepts invoices as e-invoices.<u>.<\/u><\/p>\n<p style=\"margin: 6.0pt 0cm 6.0pt 0cm;\"><strong>Recipient: Starteline Ltd<\/strong><\/p>\n<p style=\"margin: 6.0pt 0cm 6.0pt 0cm;\"><strong>E-invoice address: 003731116655<\/strong><\/p>\n<p style=\"margin: 6.0pt 0cm 6.0pt 0cm;\"><strong>Operator code: 003721291126<\/strong><\/p>\n<p style=\"margin: 6.0pt 0cm 6.0pt 0cm;\"><strong>Intermediary: Maventa<\/strong><\/p>\n<p>Even though invoices are sent as e-invoices, the traditional billing address must be visible in the address field\/recipient information on the invoice image.<\/p>\n<p><strong>Address<\/strong><\/p>\n<p style=\"margin: 6.0pt 0cm 6.0pt 0cm;\">Starteline Oy<\/p>\n<p style=\"margin: 6.0pt 0cm 6.0pt 0cm;\">Vakokuja 6B, 01630 Vantaa<\/p>\n<p style=\"margin: 6.0pt 0cm 6.0pt 0cm;\">Y-tunnus 3111665-5; EU VAT ID: FI31116655<\/p>","protected":false},"excerpt":{"rendered":"<p>HYV\u00c4 YHTEISTY\u00d6KUMPPANIMME Starteline Oy vastaanottaa laskut aina verkkolaskuina. Vastaanottaja: Starteline Oy Verkkolaskuosoite: 003731116655 Operaattoritunnus: 003721291126 V\u00e4litt\u00e4j\u00e4: Maventa Vaikka laskut l\u00e4hetet\u00e4\u00e4n verkkolaskuina, on laskun kuvan osoitekent\u00e4ss\u00e4\/vastaanottajatiedoissa oltava perinteinen laskutusosoite n\u00e4kyviss\u00e4 Osoite Starteline Oy Vakokuja 6B, 01630 Vantaa Y-tunnus 3111665-5; EU VAT ID: FI31116655<\/p>","protected":false},"author":1,"featured_media":0,"parent":0,"menu_order":0,"comment_status":"closed","ping_status":"closed","template":"page-contact.php","meta":{"_acf_changed":false,"footnotes":""},"yst_prominent_words":[],"class_list":["post-15","page","type-page","status-publish","czr-hentry"],"acf":[],"_links":{"self":[{"href":"https:\/\/starteline.fi\/en\/wp-json\/wp\/v2\/pages\/15","targetHints":{"allow":["GET"]}}],"collection":[{"href":"https:\/\/starteline.fi\/en\/wp-json\/wp\/v2\/pages"}],"about":[{"href":"https:\/\/starteline.fi\/en\/wp-json\/wp\/v2\/types\/page"}],"author":[{"embeddable":true,"href":"https:\/\/starteline.fi\/en\/wp-json\/wp\/v2\/users\/1"}],"replies":[{"embeddable":true,"href":"https:\/\/starteline.fi\/en\/wp-json\/wp\/v2\/comments?post=15"}],"version-history":[{"count":10,"href":"https:\/\/starteline.fi\/en\/wp-json\/wp\/v2\/pages\/15\/revisions"}],"predecessor-version":[{"id":332,"href":"https:\/\/starteline.fi\/en\/wp-json\/wp\/v2\/pages\/15\/revisions\/332"}],"wp:attachment":[{"href":"https:\/\/starteline.fi\/en\/wp-json\/wp\/v2\/media?parent=15"}],"wp:term":[{"taxonomy":"yst_prominent_words","embeddable":true,"href":"https:\/\/starteline.fi\/en\/wp-json\/wp\/v2\/yst_prominent_words?post=15"}],"curies":[{"name":"wp","href":"https:\/\/api.w.org\/{rel}","templated":true}]}}